{"id":18,"date":"2023-06-13T20:36:35","date_gmt":"2023-06-13T18:36:35","guid":{"rendered":"https:\/\/cop.rs\/?page_id=18"},"modified":"2023-06-19T17:46:29","modified_gmt":"2023-06-19T15:46:29","slug":"o-nama","status":"publish","type":"page","link":"https:\/\/cop.rs\/index.php\/o-nama\/","title":{"rendered":"O nama"},"content":{"rendered":"<p><img decoding=\"async\" loading=\"lazy\" class=\"alignnone  wp-image-75\" src=\"https:\/\/cop.rs\/wp-content\/uploads\/2023\/06\/memorandum-300x46.png\" alt=\"COP - identifikacija\" width=\"900\" height=\"138\" srcset=\"https:\/\/cop.rs\/wp-content\/uploads\/2023\/06\/memorandum-300x46.png 300w, https:\/\/cop.rs\/wp-content\/uploads\/2023\/06\/memorandum.png 630w\" sizes=\"(max-width: 900px) 100vw, 900px\" \/><\/p>\n<p>Udru\u017eenje je osnovano na neodre\u0111eno vreme radi ostvarivanja ciljeva u oblasti prava gra\u0111ana sa, i bez ovla\u0161\u0107enja u vidu upotrebe sredstava prinude (USP), a sa ciljem:<\/p>\n<ul>\n<li>razvoja kapaciteta u ostvarivanju prava svih gra\u0111ana, u vezi i povodom primene ovla\u0161\u0107enja u vidu USP,<\/li>\n<li>javnog zalaganje, motivacija i mobolizacija svih gra\u0111ana za aktivno u\u010de\u0161\u0107e u fazi dono\u0161enja pravno obavezuju\u0107ih akata za prostor ovla\u0161\u0107enja ovla\u0161\u0107enih slu\u017ebenih lica (OSL) policije, komunalne milicije, privatnog obezbe\u0111enja i sl.,<\/li>\n<li>doprinosa razvoju kapaciteta u ostvarivanju prava slu\u017ebenih lica sa ovla\u0161\u0107enjem na USP u obavljanju zakonom predvi\u0111enih poslova,<\/li>\n<li>motivisanja gra\u0111ana, bez prava na primenu ovla\u0161\u0107enja u vidu USP, o zna\u010daju spoznaje svojih obaveza u vezi primene ovla\u0161\u0107enja OSL,<\/li>\n<li>motivisanja svih gra\u0111ana u spoznaji zna\u010daja edukacije u ovom prostoru, a posebno onih koji primenjuju pravo,<\/li>\n<li>edukacije svih gra\u0111ana u ostvrivanju svojih prava pre, u toku i nakon primene ovla\u0161\u0107enja u vidu USP,<\/li>\n<li>ja\u010danja poverenja javnosti u demokratske institucije, a posebno institucije \u010diji predstavnici imaju pravo na primenu ovla\u0161\u0107enja u vidu USP.<\/li>\n<\/ul>\n<p>Na putu ostvarivanja definisanih ciljeva, Udru\u017eenje, izme\u0111u ostalog:<\/p>\n<ul>\n<li>prikuplja i obra\u0111uje nau\u010dnu i stru\u010dnu literaturu u oblasti primene ovla\u0161\u0107enja u vidu USP,<\/li>\n<li>motivi\u0161e sve gra\u0111ane, i neposredno u\u010destvuje u davanju pozitivnog doprinosa povodom definisanja obaveza i prava svih gra\u0111ana u fazi dono\u0161enja pravno obavezuju\u0107ih akata za prostor primene ovla\u0161\u0107enja u vidu USP,<\/li>\n<li>analizira pojedina\u010dne slu\u010dajeve kao i ukupno stanje povodom i u vezi primene ovla\u0161\u0107enja u vidu USP,<\/li>\n<li>organizuje, samostalno ili u zajednici sa drugim organizacijama, stru\u010dne skupove, savetovanja, seminare, okrugle stolove i druge oblike edukacije u oblasti primene ovog prava,<\/li>\n<li>objavljuje stru\u010dne i nau\u010dne radove, monografije i druge publikacije sa temama primene prava, u skladu sa zakonom,<\/li>\n<li>motivi\u0161e i anga\u017euje kompetentne pojedince za rad na edukaciji svih gra\u0111ana u prostoru primene prava u vidu USP,<\/li>\n<li>sara\u0111uje sa edukativnim institucijama (univerzitetima, \u0161kolama, centrima, stru\u010dnim udru\u017eenjima i drugim oranizacijama u zemlji i inostranstvu) koje se bave ostvarivanjem prava, u skladu sa zakonom a povodom i u vezi sa primenom ovla\u0161\u0107enja u vidu USP.<\/li>\n<\/ul>\n<p>&nbsp;<\/p>\n<p>Udru\u017eenje pribavlja sredstva od \u010dlanarine, dobrovoljnih priloga, donacija i poklona, finansijskih subvencija i na druge zakonom dozvoljene na\u010dine.<\/p>\n<p>Udr\u017eenje mo\u017ee pribavljati sredstva i od kotizacije za seminare i druge oblike edukacije u prostoru primene prava u vidu upotrebe sredstava prinude ovla\u0161\u0107enih slu\u017ebenih lica.<\/p>\n","protected":false},"excerpt":{"rendered":"<p>Udru\u017eenje je osnovano na neodre\u0111eno vreme radi ostvarivanja ciljeva u oblasti prava gra\u0111ana sa, i bez ovla\u0161\u0107enja u vidu upotrebe sredstava prinude (USP), a sa ciljem: razvoja kapaciteta u ostvarivanju prava svih gra\u0111ana, u vezi i povodom primene ovla\u0161\u0107enja u vidu USP, javnog zalaganje, motivacija i mobolizacija svih gra\u0111ana za aktivno u\u010de\u0161\u0107e u fazi dono\u0161enja&hellip;<\/p>\n","protected":false},"author":1,"featured_media":0,"parent":0,"menu_order":0,"comment_status":"closed","ping_status":"closed","template":"","meta":[],"_links":{"self":[{"href":"https:\/\/cop.rs\/index.php\/wp-json\/wp\/v2\/pages\/18"}],"collection":[{"href":"https:\/\/cop.rs\/index.php\/wp-json\/wp\/v2\/pages"}],"about":[{"href":"https:\/\/cop.rs\/index.php\/wp-json\/wp\/v2\/types\/page"}],"author":[{"embeddable":true,"href":"https:\/\/cop.rs\/index.php\/wp-json\/wp\/v2\/users\/1"}],"replies":[{"embeddable":true,"href":"https:\/\/cop.rs\/index.php\/wp-json\/wp\/v2\/comments?post=18"}],"version-history":[{"count":4,"href":"https:\/\/cop.rs\/index.php\/wp-json\/wp\/v2\/pages\/18\/revisions"}],"predecessor-version":[{"id":77,"href":"https:\/\/cop.rs\/index.php\/wp-json\/wp\/v2\/pages\/18\/revisions\/77"}],"wp:attachment":[{"href":"https:\/\/cop.rs\/index.php\/wp-json\/wp\/v2\/media?parent=18"}],"curies":[{"name":"wp","href":"https:\/\/api.w.org\/{rel}","templated":true}]}}